{"id":31,"date":"2017-09-21T11:06:02","date_gmt":"2017-09-21T11:06:02","guid":{"rendered":"http:\/\/test1.kominiarz.olsztyn.pl\/?page_id=31"},"modified":"2017-09-26T16:18:08","modified_gmt":"2017-09-26T16:18:08","slug":"kalendarze","status":"publish","type":"page","link":"https:\/\/kominiarz.olsztyn.pl\/?page_id=31","title":{"rendered":"KALENDARZE"},"content":{"rendered":"<span itemprop=\"description\"><p>Tradycyjnie ka\u017cdego roku przygotowujemy elegancki kalendarz na kolejny rok. Mog\u0105 w nim Pa\u0144stwo zobaczy\u0107 naszych kominiarzy przy wykonywaniu swoich obowi\u0105zk\u00f3w takich jak czyszczenie przewod\u00f3w kominowych. Kominiarze w stroju galowym prezentuj\u0105 si\u0119 nadzwyczaj okazale i ka\u017cdy ma ochot\u0119 chwyci\u0107 na szcz\u0119\u015bcie za guzik, gdy ich spotka. W kalendarzu znajduj\u0105 si\u0119 r\u00f3wnie\u017c adresy naszych zak\u0142ad\u00f3w kominiarskich.<\/p>\n<span>","protected":false},"excerpt":{"rendered":"<p class=\"excerpt\"><span itemprop=\"description\">Tradycyjnie ka\u017cdego roku przygotowujemy elegancki kalendarz na kolejny rok. Mog\u0105 w nim Pa\u0144stwo zobaczy\u0107 naszych kominiarzy przy wykonywaniu swoich obowi\u0105zk\u00f3w takich jak czyszczenie przewod\u00f3w kominowych. Kominiarze w stroju galowym prezentuj\u0105 si\u0119 nadzwyczaj okazale i ka\u017cdy ma ochot\u0119 chwyci\u0107 na szcz\u0119\u015bcie za guzik, gdy ich spotka.&hellip;<\/span><\/p>\n<p class=\"more-link-p btn-align-left\"><a class=\"blue zoom-btn\" href=\"https:\/\/kominiarz.olsztyn.pl\/?page_id=31\">Wi\u0119cej<\/a><\/p>\n","protected":false},"author":1,"featured_media":0,"parent":0,"menu_order":0,"comment_status":"closed","ping_status":"closed","template":"","meta":[],"_links":{"self":[{"href":"https:\/\/kominiarz.olsztyn.pl\/index.php?rest_route=\/wp\/v2\/pages\/31"}],"collection":[{"href":"https:\/\/kominiarz.olsztyn.pl\/index.php?rest_route=\/wp\/v2\/pages"}],"about":[{"href":"https:\/\/kominiarz.olsztyn.pl\/index.php?rest_route=\/wp\/v2\/types\/page"}],"author":[{"embeddable":true,"href":"https:\/\/kominiarz.olsztyn.pl\/index.php?rest_route=\/wp\/v2\/users\/1"}],"replies":[{"embeddable":true,"href":"https:\/\/kominiarz.olsztyn.pl\/index.php?rest_route=%2Fwp%2Fv2%2Fcomments&post=31"}],"version-history":[{"count":0,"href":"https:\/\/kominiarz.olsztyn.pl\/index.php?rest_route=\/wp\/v2\/pages\/31\/revisions"}],"wp:attachment":[{"href":"https:\/\/kominiarz.olsztyn.pl\/index.php?rest_route=%2Fwp%2Fv2%2Fmedia&parent=31"}],"curies":[{"name":"wp","href":"https:\/\/api.w.org\/{rel}","templated":true}]}}