{"id":29,"date":"2017-09-21T11:06:01","date_gmt":"2017-09-21T11:06:01","guid":{"rendered":"http:\/\/test1.kominiarz.olsztyn.pl\/?page_id=29"},"modified":"2020-10-13T12:05:35","modified_gmt":"2020-10-13T12:05:35","slug":"przepisy","status":"publish","type":"page","link":"https:\/\/kominiarz.olsztyn.pl\/?page_id=29","title":{"rendered":"PRZEPISY"},"content":{"rendered":"<span itemprop=\"description\"><div id=\"right\">\n<div class=\"box_right\">\n<div class=\"box_right_head\">\n<h1>Przepisy dotycz\u0105ce pracy kominiarzy<\/h1>\n<\/div>\n<div class=\"box_right_body\">\n<p>Poni\u017cej zamieszczamy list\u0119 link\u00f3w do ustaw reguluj\u0105cych prac\u0119 kominiarzy i zak\u0142ad\u00f3w kominiarskich. Mamy nadziej\u0119, \u017ce znajd\u0105 tu Pa\u0144stwo wszystkie poszukiwane informacje na temat regulacji prawnych.<\/p>\n<ul>\n<li><span style=\"color: #0000ff;\"><a href=\"https:\/\/kominiarz.olsztyn.pl\/wp-content\/uploads\/2020\/10\/prawo-budowlane-2020.pdf\">Prawo budowlane\u00a0&#8211; Tekst jednolity z dnia 7 lipca 2020r. Dz.U.2020 poz. 1333 \u00a0<\/a>\u00a0 <\/span><\/li>\n<li><span style=\"color: #0000ff;\"><a href=\"http:\/\/test1.kominiarz.olsztyn.pl\/wp-content\/uploads\/2017\/09\/D20100719.pdf\">Rozporz\u0105dzenie Ministra Spraw Wewn\u0119trznych i Administracji w sprawie ochrony przeciwpo\u017carowej budynk\u00f3w, innych budynk\u00f3w budowlanych i teren\u00f3w (z dnia 7 czerwca 2010r.)<\/a><\/span><\/li>\n<li><span style=\"color: #0000ff;\"><a href=\"http:\/\/test1.kominiarz.olsztyn.pl\/wp-content\/uploads\/2017\/09\/l_18120120712pl00300104.pdf\">Kominy &#8211; norma europejska (polska wersja projektu z czerwca 2012 r.)<\/a><a href=\"http:\/\/www.kominiarz.olsztyn.pl\/upload\/fck_files\/\/docs\/PRZEPISY\/l_18120120712pl00300104.pdf\" target=\"_blank\" rel=\"noopener noreferrer\">\u00a0<\/a><a href=\"http:\/\/www.kominiarz.olsztyn.pl\/upload\/fck_files\/\/docs\/PRZEPISY\/l_18120120712pl00300104.pdf\" target=\"_blank\" rel=\"noopener noreferrer\"><br \/>\n<\/a><\/span><\/li>\n<li><span style=\"color: #0000ff;\"><a href=\"http:\/\/test1.kominiarz.olsztyn.pl\/wp-content\/uploads\/2017\/09\/25-Dz_-U_-Nr-195-poz_-2011-2.pdf\">Rozporz\u0105dzenie Ministra Infrastruktury w sprawie system\u00f3w oceny zgodno\u015bci, wymaga\u0144, jakie powinny spe\u0142nia\u0107 notyfikowane jednostki uczestnicz\u0105ce w ocenie zgodno\u015bci, oraz sposobu oznaczania wyrob\u00f3w budowlanych oznakowaniem CE (z dnia 11 sierpnia 2004 r.)<\/a><a href=\"http:\/\/www.kominiarz.olsztyn.pl\/upload\/fck_files\/\/docs\/PRZEPISY\/25%20%20Dz_%20U_%20Nr%20195,%20poz_%202011.pdf\" target=\"_blank\" rel=\"noopener noreferrer\"><br \/>\n<\/a><\/span><\/li>\n<li><span style=\"color: #0000ff;\"><a href=\"http:\/\/test1.kominiarz.olsztyn.pl\/wp-content\/uploads\/2017\/09\/D20100719-4.pdf\">Rozporz\u0105dzenie Ministra Spraw Wewnn\u0119trznych i Administracji Dz. Ustaw Nr 109 poz. 719. z dnia 7 czerwca 2010r.<\/a><\/span><\/li>\n<\/ul>\n<\/div>\n<\/div>\n<\/div>\n<span>","protected":false},"excerpt":{"rendered":"<p class=\"excerpt\"><span itemprop=\"description\">Przepisy dotycz\u0105ce pracy kominiarzy Poni\u017cej zamieszczamy list\u0119 link\u00f3w do ustaw reguluj\u0105cych prac\u0119 kominiarzy i zak\u0142ad\u00f3w kominiarskich. Mamy nadziej\u0119, \u017ce znajd\u0105 tu Pa\u0144stwo wszystkie poszukiwane informacje na temat regulacji prawnych. Prawo budowlane\u00a0&#8211; Tekst jednolity z dnia 7 lipca 2020r. Dz.U.2020 poz. 1333 \u00a0\u00a0 Rozporz\u0105dzenie Ministra Spraw&hellip;<\/span><\/p>\n<p class=\"more-link-p btn-align-left\"><a class=\"blue zoom-btn\" href=\"https:\/\/kominiarz.olsztyn.pl\/?page_id=29\">Wi\u0119cej<\/a><\/p>\n","protected":false},"author":1,"featured_media":0,"parent":0,"menu_order":0,"comment_status":"closed","ping_status":"closed","template":"","meta":[],"_links":{"self":[{"href":"https:\/\/kominiarz.olsztyn.pl\/index.php?rest_route=\/wp\/v2\/pages\/29"}],"collection":[{"href":"https:\/\/kominiarz.olsztyn.pl\/index.php?rest_route=\/wp\/v2\/pages"}],"about":[{"href":"https:\/\/kominiarz.olsztyn.pl\/index.php?rest_route=\/wp\/v2\/types\/page"}],"author":[{"embeddable":true,"href":"https:\/\/kominiarz.olsztyn.pl\/index.php?rest_route=\/wp\/v2\/users\/1"}],"replies":[{"embeddable":true,"href":"https:\/\/kominiarz.olsztyn.pl\/index.php?rest_route=%2Fwp%2Fv2%2Fcomments&post=29"}],"version-history":[{"count":3,"href":"https:\/\/kominiarz.olsztyn.pl\/index.php?rest_route=\/wp\/v2\/pages\/29\/revisions"}],"predecessor-version":[{"id":2045,"href":"https:\/\/kominiarz.olsztyn.pl\/index.php?rest_route=\/wp\/v2\/pages\/29\/revisions\/2045"}],"wp:attachment":[{"href":"https:\/\/kominiarz.olsztyn.pl\/index.php?rest_route=%2Fwp%2Fv2%2Fmedia&parent=29"}],"curies":[{"name":"wp","href":"https:\/\/api.w.org\/{rel}","templated":true}]}}