{"id":213,"date":"2017-09-25T09:49:07","date_gmt":"2017-09-25T09:49:07","guid":{"rendered":"http:\/\/test1.kominiarz.olsztyn.pl\/?page_id=213"},"modified":"2024-10-29T20:56:20","modified_gmt":"2024-10-29T20:56:20","slug":"gizycko","status":"publish","type":"page","link":"https:\/\/kominiarz.olsztyn.pl\/?page_id=213","title":{"rendered":"GI\u017bYCKO"},"content":{"rendered":"<span itemprop=\"description\"><h2>Zak\u0142ad kominiarski w Gi\u017cycku \u2013 Sp\u00f3\u0142dzielnia &#8222;Kominiarz&#8221;<\/h2>\n<table border=\"0\" width=\"100%\" cellspacing=\"3\" cellpadding=\"3\">\n<tbody>\n<tr>\n<td colspan=\"3\"><\/td>\n<td rowspan=\"7\"><iframe loading=\"lazy\" style=\"border: 0;\" src=\"https:\/\/www.google.com\/maps\/embed?pb=!1m18!1m12!1m3!1d2342.956586354588!2d21.776260915405302!3d54.03903768012996!2m3!1f0!2f0!3f0!3m2!1i1024!2i768!4f13.1!3m3!1m2!1s0x46e187d965437039%3A0x4d8f784762dff82e!2zIktvbWluaWFyeiIgU3DDs8WCZHppZWxuaWEgR2nFvHlja28!5e0!3m2!1spl!2spl!4v1473753967711\" width=\"600\" height=\"450\" frameborder=\"0\" allowfullscreen=\"allowfullscreen\"><\/iframe><\/td>\n<\/tr>\n<\/tbody>\n<\/table>\n<p>Zak\u0142ad Nr 8\/S<\/p>\n<p>11-500 Gi\u017cycko<br \/>\nul.\u00a0 T. Ko\u015bciuszki 18<\/p>\n<p>Tel. 87 428 22 06<\/p>\n<p><a href=\"http:\/\/kominiarz.gizycko@kominiarz.olsztyn.pl\">kominiarz.gizycko@<\/a><a href=\"http:\/\/kominiarz.gizycko@kominiarz.olsztyn.pl\">kominiarz.olsztyn.pl<\/a><\/p>\n<table border=\"0\" width=\"100%\" cellspacing=\"3\" cellpadding=\"3\">\n<tbody>\n<tr>\n<td>Wilimski Marcin<\/td>\n<td>mistrz kominiarski &#8211; Upr.\u00a0Nr 13605\/10<\/td>\n<td>tel. 604 213 225<\/td>\n<td>Kierownik Zak\u0142adu<\/td>\n<\/tr>\n<tr>\n<td><\/td>\n<td><\/td>\n<td><\/td>\n<td><\/td>\n<\/tr>\n<tr>\n<td>Krawczyk Adam<\/td>\n<td>mistrz kominiarski &#8211; Upr.\u00a0Nr 13792\/12<\/td>\n<td><\/td>\n<td><\/td>\n<\/tr>\n<tr>\n<td><\/td>\n<td><\/td>\n<td><\/td>\n<td><\/td>\n<\/tr>\n<tr>\n<td>Brzozowski Piotr<\/td>\n<td>czeladnik kominiarski &#8211; Upr.\u00a0Nr 62411\/12<\/td>\n<td><\/td>\n<td><\/td>\n<\/tr>\n<tr>\n<td>Wilimski S\u0142awomir<\/td>\n<td>pracownik biurowy<\/td>\n<td><\/td>\n<td><\/td>\n<\/tr>\n<\/tbody>\n<\/table>\n<span>","protected":false},"excerpt":{"rendered":"<p class=\"excerpt\"><span itemprop=\"description\">Zak\u0142ad kominiarski w Gi\u017cycku \u2013 Sp\u00f3\u0142dzielnia &#8222;Kominiarz&#8221; Zak\u0142ad Nr 8\/S 11-500 Gi\u017cycko ul.\u00a0 T. Ko\u015bciuszki 18 Tel. 87 428 22 06 kominiarz.gizycko@kominiarz.olsztyn.pl Wilimski Marcin mistrz kominiarski &#8211; Upr.\u00a0Nr 13605\/10 tel. 604 213 225 Kierownik Zak\u0142adu Krawczyk Adam mistrz kominiarski &#8211; Upr.\u00a0Nr 13792\/12 Brzozowski Piotr czeladnik&hellip;<\/span><\/p>\n<p class=\"more-link-p btn-align-left\"><a class=\"blue zoom-btn\" href=\"https:\/\/kominiarz.olsztyn.pl\/?page_id=213\">Wi\u0119cej<\/a><\/p>\n","protected":false},"author":1,"featured_media":0,"parent":32,"menu_order":0,"comment_status":"closed","ping_status":"closed","template":"","meta":[],"_links":{"self":[{"href":"https:\/\/kominiarz.olsztyn.pl\/index.php?rest_route=\/wp\/v2\/pages\/213"}],"collection":[{"href":"https:\/\/kominiarz.olsztyn.pl\/index.php?rest_route=\/wp\/v2\/pages"}],"about":[{"href":"https:\/\/kominiarz.olsztyn.pl\/index.php?rest_route=\/wp\/v2\/types\/page"}],"author":[{"embeddable":true,"href":"https:\/\/kominiarz.olsztyn.pl\/index.php?rest_route=\/wp\/v2\/users\/1"}],"replies":[{"embeddable":true,"href":"https:\/\/kominiarz.olsztyn.pl\/index.php?rest_route=%2Fwp%2Fv2%2Fcomments&post=213"}],"version-history":[{"count":6,"href":"https:\/\/kominiarz.olsztyn.pl\/index.php?rest_route=\/wp\/v2\/pages\/213\/revisions"}],"predecessor-version":[{"id":2541,"href":"https:\/\/kominiarz.olsztyn.pl\/index.php?rest_route=\/wp\/v2\/pages\/213\/revisions\/2541"}],"up":[{"embeddable":true,"href":"https:\/\/kominiarz.olsztyn.pl\/index.php?rest_route=\/wp\/v2\/pages\/32"}],"wp:attachment":[{"href":"https:\/\/kominiarz.olsztyn.pl\/index.php?rest_route=%2Fwp%2Fv2%2Fmedia&parent=213"}],"curies":[{"name":"wp","href":"https:\/\/api.w.org\/{rel}","templated":true}]}}