{"id":1549,"date":"2017-10-13T16:06:54","date_gmt":"2017-10-13T16:06:54","guid":{"rendered":"http:\/\/test1.kominiarz.olsztyn.pl\/?page_id=1549"},"modified":"2020-10-07T06:43:58","modified_gmt":"2020-10-07T06:43:58","slug":"suwalki","status":"publish","type":"page","link":"https:\/\/kominiarz.olsztyn.pl\/?page_id=1549","title":{"rendered":"SUWA\u0141KI"},"content":{"rendered":"<span itemprop=\"description\"><h2>Zak\u0142ad kominiarski w Suwa\u0142kach \u2013 Sp\u00f3\u0142dzielnia &#8222;KOMINIARZ&#8221;<\/h2>\n<table border=\"0\" width=\"100%\" cellspacing=\"3\" cellpadding=\"3\">\n<tbody>\n<tr>\n<td colspan=\"3\"><\/td>\n<td rowspan=\"7\"><iframe loading=\"lazy\" src=\"https:\/\/maps.google.pl\/maps?f=q&amp;source=s_q&amp;hl=pl&amp;geocode=&amp;q=Suwa%C5%82ki+ul.+Andersa+7&amp;aq=&amp;sll=53.776011,20.465699&amp;sspn=0.169408,0.445976&amp;ie=UTF8&amp;hq=&amp;hnear=Genera%C5%82a+W%C5%82adys%C5%82awa+Andersa+7,+Suwa%C5%82ki,+podlaskie&amp;t=m&amp;ll=54.130612,22.942028&amp;spn=0.017602,0.05579&amp;z=14&amp;iwloc=A&amp;output=embed\" width=\"650\" height=\"350\" frameborder=\"0\" marginwidth=\"0\" marginheight=\"0\" scrolling=\"no\"><\/iframe><\/td>\n<\/tr>\n<\/tbody>\n<\/table>\n<p>Zak\u0142ad Nr 1\/S16-400 Suwa\u0142ki<br \/>\nul. Andersa 7 Tel. 87 567 12 04<\/p>\n<p>kominiarz.suwalki@kominiarz.olsztyn.pl<\/p>\n<table border=\"0\" width=\"100%\" cellspacing=\"3\" cellpadding=\"3\">\n<tbody>\n<tr>\n<td>Lauryn Norbert<\/td>\n<td>mistrz kominiarski &#8211; Upr.\u00a0Nr 13624\/10<\/td>\n<td>tel. 608 301 343<\/td>\n<td>Kierownik Zak\u0142adu<\/td>\n<\/tr>\n<tr>\n<td>Aneta Lauryn<\/td>\n<td>pracownik biurowy<\/td>\n<td><\/td>\n<td><\/td>\n<\/tr>\n<\/tbody>\n<\/table>\n<span>","protected":false},"excerpt":{"rendered":"<p class=\"excerpt\"><span itemprop=\"description\">Zak\u0142ad kominiarski w Suwa\u0142kach \u2013 Sp\u00f3\u0142dzielnia &#8222;KOMINIARZ&#8221; Zak\u0142ad Nr 1\/S16-400 Suwa\u0142ki ul. Andersa 7 Tel. 87 567 12 04 kominiarz.suwalki@kominiarz.olsztyn.pl Lauryn Norbert mistrz kominiarski &#8211; Upr.\u00a0Nr 13624\/10 tel. 608 301 343 Kierownik Zak\u0142adu Aneta Lauryn pracownik biurowy<\/span><\/p>\n<p class=\"more-link-p btn-align-left\"><a class=\"blue zoom-btn\" href=\"https:\/\/kominiarz.olsztyn.pl\/?page_id=1549\">Wi\u0119cej<\/a><\/p>\n","protected":false},"author":1,"featured_media":0,"parent":32,"menu_order":0,"comment_status":"closed","ping_status":"closed","template":"","meta":[],"_links":{"self":[{"href":"https:\/\/kominiarz.olsztyn.pl\/index.php?rest_route=\/wp\/v2\/pages\/1549"}],"collection":[{"href":"https:\/\/kominiarz.olsztyn.pl\/index.php?rest_route=\/wp\/v2\/pages"}],"about":[{"href":"https:\/\/kominiarz.olsztyn.pl\/index.php?rest_route=\/wp\/v2\/types\/page"}],"author":[{"embeddable":true,"href":"https:\/\/kominiarz.olsztyn.pl\/index.php?rest_route=\/wp\/v2\/users\/1"}],"replies":[{"embeddable":true,"href":"https:\/\/kominiarz.olsztyn.pl\/index.php?rest_route=%2Fwp%2Fv2%2Fcomments&post=1549"}],"version-history":[{"count":5,"href":"https:\/\/kominiarz.olsztyn.pl\/index.php?rest_route=\/wp\/v2\/pages\/1549\/revisions"}],"predecessor-version":[{"id":2521,"href":"https:\/\/kominiarz.olsztyn.pl\/index.php?rest_route=\/wp\/v2\/pages\/1549\/revisions\/2521"}],"up":[{"embeddable":true,"href":"https:\/\/kominiarz.olsztyn.pl\/index.php?rest_route=\/wp\/v2\/pages\/32"}],"wp:attachment":[{"href":"https:\/\/kominiarz.olsztyn.pl\/index.php?rest_route=%2Fwp%2Fv2%2Fmedia&parent=1549"}],"curies":[{"name":"wp","href":"https:\/\/api.w.org\/{rel}","templated":true}]}}