{"id":1544,"date":"2017-10-13T15:46:19","date_gmt":"2017-10-13T15:46:19","guid":{"rendered":"http:\/\/test1.kominiarz.olsztyn.pl\/?page_id=1544"},"modified":"2024-10-29T21:07:11","modified_gmt":"2024-10-29T21:07:11","slug":"olsztyn","status":"publish","type":"page","link":"https:\/\/kominiarz.olsztyn.pl\/?page_id=1544","title":{"rendered":"OLSZTYN"},"content":{"rendered":"<span itemprop=\"description\"><h2>Zak\u0142ad kominiarski w Olsztynie \u2013 Sp\u00f3\u0142dzielnia &#8222;KOMINIARZ&#8221;<\/h2>\n<table border=\"0\" width=\"100%\" cellspacing=\"3\" cellpadding=\"3\">\n<tbody>\n<tr>\n<td colspan=\"3\"><\/td>\n<td rowspan=\"7\"><iframe loading=\"lazy\" src=\"https:\/\/maps.google.pl\/maps?f=q&amp;source=s_q&amp;hl=pl&amp;geocode=&amp;q=Olsztyn,+jagiello%C5%84czyka+19&amp;aq=&amp;sll=53.776011,20.465699&amp;sspn=0.160684,0.445976&amp;ie=UTF8&amp;hq=&amp;hnear=Kazimierza+Jagiello%C5%84czyka+19,+11-041+Olsztyn,+warmi%C5%84sko-mazurskie&amp;t=m&amp;ll=53.782702,20.469246&amp;spn=0.035499,0.064545&amp;z=13&amp;iwloc=A&amp;output=embed\" width=\"680\" height=\"350\" frameborder=\"0\" marginwidth=\"0\" marginheight=\"0\" scrolling=\"no\"><\/iframe><br \/>\n<small><br \/>\n<\/small><\/td>\n<\/tr>\n<\/tbody>\n<\/table>\n<p>Zak\u0142ad Nr 1\/OL<\/p>\n<p>10-062 Olsztyn<br \/>\nul. Jagiello\u0144czyka 19<\/p>\n<p>Tel.: 89 527 30 25<\/p>\n<p><a>kominiarz.olsztyn@wp.pl<br \/>\n<\/a><\/p>\n<table border=\"0\" width=\"100%\" cellspacing=\"3\" cellpadding=\"3\">\n<tbody>\n<tr>\n<td>Kryger Sebastian<\/td>\n<td>Mistrz kominiarski &#8211; Upr. Nr 13330\/04<\/td>\n<td>tel. 608007786<\/td>\n<td>Kierownik Zak\u0142adu<\/td>\n<\/tr>\n<tr>\n<td>\u0141obanowski Antoni<\/td>\n<td>Mistrz kominiarski &#8211; Upr. Nr 12799\/98<\/td>\n<td><\/td>\n<td><\/td>\n<\/tr>\n<tr>\n<td>Mieczkowski Rafa\u0142<\/td>\n<td>Mistrz kominiarski &#8211; Upr. Nr 13009\/00<\/td>\n<td><\/td>\n<td><\/td>\n<\/tr>\n<tr>\n<td>Piotr Sawicki<\/td>\n<td>Mistrz kominiarski Upr. Nr 14246\/24<\/td>\n<td><\/td>\n<td><\/td>\n<\/tr>\n<tr>\n<td>Iwona Koz\u0142owska<\/td>\n<td>pracownik biurowy<\/td>\n<td><\/td>\n<td><\/td>\n<\/tr>\n<tr>\n<td><\/td>\n<td><\/td>\n<td><\/td>\n<td><\/td>\n<\/tr>\n<\/tbody>\n<\/table>\n<span>","protected":false},"excerpt":{"rendered":"<p class=\"excerpt\"><span itemprop=\"description\">Zak\u0142ad kominiarski w Olsztynie \u2013 Sp\u00f3\u0142dzielnia &#8222;KOMINIARZ&#8221; Zak\u0142ad Nr 1\/OL 10-062 Olsztyn ul. Jagiello\u0144czyka 19 Tel.: 89 527 30 25 kominiarz.olsztyn@wp.pl Kryger Sebastian Mistrz kominiarski &#8211; Upr. Nr 13330\/04 tel. 608007786 Kierownik Zak\u0142adu \u0141obanowski Antoni Mistrz kominiarski &#8211; Upr. Nr 12799\/98 Mieczkowski Rafa\u0142 Mistrz kominiarski&hellip;<\/span><\/p>\n<p class=\"more-link-p btn-align-left\"><a class=\"blue zoom-btn\" href=\"https:\/\/kominiarz.olsztyn.pl\/?page_id=1544\">Wi\u0119cej<\/a><\/p>\n","protected":false},"author":1,"featured_media":0,"parent":32,"menu_order":0,"comment_status":"closed","ping_status":"closed","template":"","meta":[],"_links":{"self":[{"href":"https:\/\/kominiarz.olsztyn.pl\/index.php?rest_route=\/wp\/v2\/pages\/1544"}],"collection":[{"href":"https:\/\/kominiarz.olsztyn.pl\/index.php?rest_route=\/wp\/v2\/pages"}],"about":[{"href":"https:\/\/kominiarz.olsztyn.pl\/index.php?rest_route=\/wp\/v2\/types\/page"}],"author":[{"embeddable":true,"href":"https:\/\/kominiarz.olsztyn.pl\/index.php?rest_route=\/wp\/v2\/users\/1"}],"replies":[{"embeddable":true,"href":"https:\/\/kominiarz.olsztyn.pl\/index.php?rest_route=%2Fwp%2Fv2%2Fcomments&post=1544"}],"version-history":[{"count":15,"href":"https:\/\/kominiarz.olsztyn.pl\/index.php?rest_route=\/wp\/v2\/pages\/1544\/revisions"}],"predecessor-version":[{"id":2547,"href":"https:\/\/kominiarz.olsztyn.pl\/index.php?rest_route=\/wp\/v2\/pages\/1544\/revisions\/2547"}],"up":[{"embeddable":true,"href":"https:\/\/kominiarz.olsztyn.pl\/index.php?rest_route=\/wp\/v2\/pages\/32"}],"wp:attachment":[{"href":"https:\/\/kominiarz.olsztyn.pl\/index.php?rest_route=%2Fwp%2Fv2%2Fmedia&parent=1544"}],"curies":[{"name":"wp","href":"https:\/\/api.w.org\/{rel}","templated":true}]}}