{"id":1486,"date":"2017-10-03T06:49:20","date_gmt":"2017-10-03T06:49:20","guid":{"rendered":"http:\/\/test1.kominiarz.olsztyn.pl\/?page_id=1486"},"modified":"2022-11-30T13:14:05","modified_gmt":"2022-11-30T13:14:05","slug":"ketrzyn","status":"publish","type":"page","link":"https:\/\/kominiarz.olsztyn.pl\/?page_id=1486","title":{"rendered":"K\u0118TRZYN"},"content":{"rendered":"<span itemprop=\"description\"><h4><span style=\"color: #ff0000;\">Uprzejmie informujemy ,\u017ce prace kominiarskie w mie\u015bcie K\u0119trzyn oraz w okolicach przyj\u0105\u0142 Zak\u0142ad Kominiarski w Korszach. Podajemy numer telefonu : 603-931-840<\/span><\/h4>\n<h4><\/h4>\n<table border=\"0\" width=\"100%\" cellspacing=\"3\" cellpadding=\"3\">\n<tbody>\n<tr>\n<td colspan=\"3\"><\/td>\n<td rowspan=\"7\"><\/td>\n<\/tr>\n<tr>\n<td colspan=\"3\"><\/td>\n<td rowspan=\"7\"><iframe loading=\"lazy\" src=\"https:\/\/maps.google.pl\/maps?f=q&amp;source=s_q&amp;hl=pl&amp;geocode=&amp;q=Wojska+Polskiego+36B,+Korsze&amp;aq=0&amp;oq=korsze+wojka+polskiego+36b&amp;sll=53.82441,22.360733&amp;sspn=0.010031,0.027874&amp;ie=UTF8&amp;hq=&amp;hnear=Wojska+Polskiego+36B,+11-430+Korsze,+k%C4%99trzy%C5%84ski,+warmi%C5%84sko-mazurskie&amp;t=m&amp;ll=54.183987,21.147051&amp;spn=0.016324,0.029955&amp;z=14&amp;iwloc=A&amp;output=embed\" width=\"625\" height=\"325\" frameborder=\"0\" marginwidth=\"0\" marginheight=\"0\" scrolling=\"no\"><\/iframe><\/td>\n<\/tr>\n<\/tbody>\n<\/table>\n<p>Zak\u0142ad Nr 14\/OL<\/p>\n<p>11-430 Korsze<br \/>\nul. Wojska Polskiego 36b<\/p>\n<p>Tel. 89 754 00 50<\/p>\n<p><a>kominiarz.korsze@<\/a><a>kominiarz.olsztyn.pl<\/a><\/p>\n<table border=\"0\" width=\"100%\" cellspacing=\"3\" cellpadding=\"3\">\n<tbody>\n<tr>\n<td>Wojciech Budrewicz<\/td>\n<td>mistrz kominiarski- Upr Nr 12900\/99<\/td>\n<td>tel. 603-931-840<\/td>\n<td>Kierownik Zak\u0142adu<\/td>\n<\/tr>\n<tr>\n<td>Franczak Bgus\u0142aw<\/td>\n<td>czeladnik kominiarski &#8211; Upr. Nr 64236\/15<\/td>\n<td>tel. 697 186 108<\/td>\n<td><\/td>\n<\/tr>\n<tr>\n<td>Wasilewski Roman<\/td>\n<td>czeladnik kominiarski &#8211; Upr. Nr 44602\/97<\/td>\n<td>tel. 609 363 421<\/td>\n<td><\/td>\n<\/tr>\n<tr>\n<td><\/td>\n<td><\/td>\n<td><\/td>\n<td><\/td>\n<\/tr>\n<\/tbody>\n<\/table>\n<span>","protected":false},"excerpt":{"rendered":"<p class=\"excerpt\"><span itemprop=\"description\">Uprzejmie informujemy ,\u017ce prace kominiarskie w mie\u015bcie K\u0119trzyn oraz w okolicach przyj\u0105\u0142 Zak\u0142ad Kominiarski w Korszach. Podajemy numer telefonu : 603-931-840 Zak\u0142ad Nr 14\/OL 11-430 Korsze ul. Wojska Polskiego 36b Tel. 89 754 00 50 kominiarz.korsze@kominiarz.olsztyn.pl Wojciech Budrewicz mistrz kominiarski- Upr Nr 12900\/99 tel. 603-931-840&hellip;<\/span><\/p>\n<p class=\"more-link-p btn-align-left\"><a class=\"blue zoom-btn\" href=\"https:\/\/kominiarz.olsztyn.pl\/?page_id=1486\">Wi\u0119cej<\/a><\/p>\n","protected":false},"author":1,"featured_media":0,"parent":32,"menu_order":0,"comment_status":"closed","ping_status":"closed","template":"","meta":[],"_links":{"self":[{"href":"https:\/\/kominiarz.olsztyn.pl\/index.php?rest_route=\/wp\/v2\/pages\/1486"}],"collection":[{"href":"https:\/\/kominiarz.olsztyn.pl\/index.php?rest_route=\/wp\/v2\/pages"}],"about":[{"href":"https:\/\/kominiarz.olsztyn.pl\/index.php?rest_route=\/wp\/v2\/types\/page"}],"author":[{"embeddable":true,"href":"https:\/\/kominiarz.olsztyn.pl\/index.php?rest_route=\/wp\/v2\/users\/1"}],"replies":[{"embeddable":true,"href":"https:\/\/kominiarz.olsztyn.pl\/index.php?rest_route=%2Fwp%2Fv2%2Fcomments&post=1486"}],"version-history":[{"count":6,"href":"https:\/\/kominiarz.olsztyn.pl\/index.php?rest_route=\/wp\/v2\/pages\/1486\/revisions"}],"predecessor-version":[{"id":2487,"href":"https:\/\/kominiarz.olsztyn.pl\/index.php?rest_route=\/wp\/v2\/pages\/1486\/revisions\/2487"}],"up":[{"embeddable":true,"href":"https:\/\/kominiarz.olsztyn.pl\/index.php?rest_route=\/wp\/v2\/pages\/32"}],"wp:attachment":[{"href":"https:\/\/kominiarz.olsztyn.pl\/index.php?rest_route=%2Fwp%2Fv2%2Fmedia&parent=1486"}],"curies":[{"name":"wp","href":"https:\/\/api.w.org\/{rel}","templated":true}]}}