{"id":122,"date":"2017-09-21T20:58:56","date_gmt":"2017-09-21T20:58:56","guid":{"rendered":"http:\/\/test1.kominiarz.olsztyn.pl\/?page_id=122"},"modified":"2024-10-29T20:57:31","modified_gmt":"2024-10-29T20:57:31","slug":"elk","status":"publish","type":"page","link":"https:\/\/kominiarz.olsztyn.pl\/?page_id=122","title":{"rendered":"E\u0142k"},"content":{"rendered":"<span itemprop=\"description\"><h2>Zak\u0142ad kominiarski w E\u0142ku \u2013 Sp\u00f3\u0142dzielnia &#8222;Kominiarz&#8221;<\/h2>\n<table border=\"0\" width=\"100%\" cellspacing=\"3\" cellpadding=\"3\">\n<tbody>\n<tr>\n<td colspan=\"3\"><\/td>\n<td rowspan=\"7\"><iframe loading=\"lazy\" src=\"https:\/\/maps.google.pl\/maps?f=q&amp;source=s_q&amp;hl=pl&amp;geocode=&amp;q=armi+krajowej+58,+e%C5%82k&amp;aq=&amp;sll=54.24903,20.815873&amp;sspn=0.009929,0.027874&amp;ie=UTF8&amp;hq=&amp;hnear=Armii+Krajowej+58,+E%C5%82k,+e%C5%82cki,+warmi%C5%84sko-mazurskie&amp;t=m&amp;ll=53.831308,22.363272&amp;spn=0.016463,0.032101&amp;z=14&amp;iwloc=A&amp;output=embed\" width=\"650\" height=\"350\" frameborder=\"0\" marginwidth=\"0\" marginheight=\"0\" scrolling=\"no\"><\/iframe><\/td>\n<\/tr>\n<\/tbody>\n<\/table>\n<p>Zak\u0142ad Nr 3\/S<\/p>\n<p>19-300 E\u0142k<br \/>\nul. Armii Krajowej 58<\/p>\n<p>Tel. 87 610 54 90<\/p>\n<p>Tel. 87 621 56 58<\/p>\n<p><a>kominiarz.elk@kominiarz.olsztyn.pl<\/a><\/p>\n<table border=\"0\" width=\"100%\" cellspacing=\"3\" cellpadding=\"3\">\n<tbody>\n<tr>\n<td>Parzych Mariusz<\/td>\n<td>mistrz kominiarski &#8211; Upr. Nr 13519\/08<\/td>\n<td>tel.511 769 200<\/td>\n<td>Kierownik Zak\u0142adu<\/td>\n<\/tr>\n<tr>\n<td>Mioduszewski Krzysztof<\/td>\n<td>mistrz kominiarski &#8211; Upr. Nr 13758\/12<\/td>\n<td>tel. 666 070 597<\/td>\n<td><\/td>\n<\/tr>\n<tr>\n<td>Katarzyna Parzych<\/td>\n<td>mistrz kominiarski- Upr. Nr. 14163\/22<\/td>\n<td><\/td>\n<td><\/td>\n<\/tr>\n<tr>\n<td>Zbigniew Bienasz<\/td>\n<td>czeladnik &#8211; Upr. Nr 61453\/12<\/td>\n<td><\/td>\n<td><\/td>\n<\/tr>\n<tr>\n<td><\/td>\n<td><\/td>\n<td><\/td>\n<td><\/td>\n<\/tr>\n<tr>\n<td>Adrian Parzych<\/td>\n<td>czeladnik Upr. Nr 70853\/23<\/td>\n<td><\/td>\n<td><\/td>\n<\/tr>\n<\/tbody>\n<\/table>\n<span>","protected":false},"excerpt":{"rendered":"<p class=\"excerpt\"><span itemprop=\"description\">Zak\u0142ad kominiarski w E\u0142ku \u2013 Sp\u00f3\u0142dzielnia &#8222;Kominiarz&#8221; Zak\u0142ad Nr 3\/S 19-300 E\u0142k ul. Armii Krajowej 58 Tel. 87 610 54 90 Tel. 87 621 56 58 kominiarz.elk@kominiarz.olsztyn.pl Parzych Mariusz mistrz kominiarski &#8211; Upr. Nr 13519\/08 tel.511 769 200 Kierownik Zak\u0142adu Mioduszewski Krzysztof mistrz kominiarski &#8211;&hellip;<\/span><\/p>\n<p class=\"more-link-p btn-align-left\"><a class=\"blue zoom-btn\" href=\"https:\/\/kominiarz.olsztyn.pl\/?page_id=122\">Wi\u0119cej<\/a><\/p>\n","protected":false},"author":1,"featured_media":0,"parent":32,"menu_order":0,"comment_status":"closed","ping_status":"closed","template":"","meta":[],"_links":{"self":[{"href":"https:\/\/kominiarz.olsztyn.pl\/index.php?rest_route=\/wp\/v2\/pages\/122"}],"collection":[{"href":"https:\/\/kominiarz.olsztyn.pl\/index.php?rest_route=\/wp\/v2\/pages"}],"about":[{"href":"https:\/\/kominiarz.olsztyn.pl\/index.php?rest_route=\/wp\/v2\/types\/page"}],"author":[{"embeddable":true,"href":"https:\/\/kominiarz.olsztyn.pl\/index.php?rest_route=\/wp\/v2\/users\/1"}],"replies":[{"embeddable":true,"href":"https:\/\/kominiarz.olsztyn.pl\/index.php?rest_route=%2Fwp%2Fv2%2Fcomments&post=122"}],"version-history":[{"count":8,"href":"https:\/\/kominiarz.olsztyn.pl\/index.php?rest_route=\/wp\/v2\/pages\/122\/revisions"}],"predecessor-version":[{"id":2542,"href":"https:\/\/kominiarz.olsztyn.pl\/index.php?rest_route=\/wp\/v2\/pages\/122\/revisions\/2542"}],"up":[{"embeddable":true,"href":"https:\/\/kominiarz.olsztyn.pl\/index.php?rest_route=\/wp\/v2\/pages\/32"}],"wp:attachment":[{"href":"https:\/\/kominiarz.olsztyn.pl\/index.php?rest_route=%2Fwp%2Fv2%2Fmedia&parent=122"}],"curies":[{"name":"wp","href":"https:\/\/api.w.org\/{rel}","templated":true}]}}