{"id":119,"date":"2017-09-21T20:43:27","date_gmt":"2017-09-21T20:43:27","guid":{"rendered":"http:\/\/test1.kominiarz.olsztyn.pl\/?page_id=119"},"modified":"2021-11-03T10:17:43","modified_gmt":"2021-11-03T10:17:43","slug":"bartoszyce","status":"publish","type":"page","link":"https:\/\/kominiarz.olsztyn.pl\/?page_id=119","title":{"rendered":"Bartoszyce"},"content":{"rendered":"<span itemprop=\"description\"><h2>Zak\u0142ad kominiarski w Bartoszycach \u2013 Sp\u00f3\u0142dzielnia &#8222;Kominiarz&#8221;<\/h2>\n<table border=\"0\" width=\"100%\" cellspacing=\"3\" cellpadding=\"3\">\n<tbody>\n<tr>\n<td colspan=\"3\"><\/td>\n<td rowspan=\"7\"><iframe loading=\"lazy\" style=\"border: 0;\" src=\"https:\/\/www.google.com\/maps\/embed?pb=!1m18!1m12!1m3!1d3296.5865422315565!2d20.801573331347505!3d54.25020372588377!2m3!1f0!2f0!3f0!3m2!1i1024!2i768!4f13.1!3m3!1m2!1s0x46e25719646f96cb%3A0xcce55c4dc0ca25bf!2s%22Kominiarz%22%20Sp%C3%B3%C5%82dzielnia%20Bartoszyce!5e0!3m2!1spl!2spl!4v1635934398074!5m2!1spl!2spl\" width=\"600\" height=\"450\" allowfullscreen=\"allowfullscreen\"><\/iframe><\/td>\n<\/tr>\n<\/tbody>\n<\/table>\n<p>Zak\u0142ad Nr 12\/OL<\/p>\n<p>11-200 Bartoszyce<br \/>\nul. Paderewskiego 16B<\/p>\n<p>Tel. \u00a089 762 27 03<\/p>\n<p><a>kominiarz.bartoszyce1@wp.pl<\/a><\/p>\n<table border=\"0\" width=\"100%\" cellspacing=\"3\" cellpadding=\"3\">\n<tbody>\n<tr>\n<td>Szestakowski Leszek<\/td>\n<td>mistrz kominiarski &#8211; Upr. Nr. 13328\/04<\/td>\n<td>tel. 608 301 035<\/td>\n<td>Kierownik Zak\u0142adu<\/td>\n<\/tr>\n<tr>\n<td>Albin Zenon<\/td>\n<td>mistrz kominiarski &#8211; Upr. Nr 12848\/98<\/td>\n<td>tel.\u00a0503 194 114<\/td>\n<td><\/td>\n<\/tr>\n<tr>\n<td><\/td>\n<td><\/td>\n<td><\/td>\n<td><\/td>\n<\/tr>\n<\/tbody>\n<\/table>\n<h1 style=\"text-align: center;\"><\/h1>\n<span>","protected":false},"excerpt":{"rendered":"<p class=\"excerpt\"><span itemprop=\"description\">Zak\u0142ad kominiarski w Bartoszycach \u2013 Sp\u00f3\u0142dzielnia &#8222;Kominiarz&#8221; Zak\u0142ad Nr 12\/OL 11-200 Bartoszyce ul. Paderewskiego 16B Tel. \u00a089 762 27 03 kominiarz.bartoszyce1@wp.pl Szestakowski Leszek mistrz kominiarski &#8211; Upr. Nr. 13328\/04 tel. 608 301 035 Kierownik Zak\u0142adu Albin Zenon mistrz kominiarski &#8211; Upr. Nr 12848\/98 tel.\u00a0503 194&hellip;<\/span><\/p>\n<p class=\"more-link-p btn-align-left\"><a class=\"blue zoom-btn\" href=\"https:\/\/kominiarz.olsztyn.pl\/?page_id=119\">Wi\u0119cej<\/a><\/p>\n","protected":false},"author":1,"featured_media":0,"parent":32,"menu_order":1,"comment_status":"closed","ping_status":"closed","template":"","meta":[],"_links":{"self":[{"href":"https:\/\/kominiarz.olsztyn.pl\/index.php?rest_route=\/wp\/v2\/pages\/119"}],"collection":[{"href":"https:\/\/kominiarz.olsztyn.pl\/index.php?rest_route=\/wp\/v2\/pages"}],"about":[{"href":"https:\/\/kominiarz.olsztyn.pl\/index.php?rest_route=\/wp\/v2\/types\/page"}],"author":[{"embeddable":true,"href":"https:\/\/kominiarz.olsztyn.pl\/index.php?rest_route=\/wp\/v2\/users\/1"}],"replies":[{"embeddable":true,"href":"https:\/\/kominiarz.olsztyn.pl\/index.php?rest_route=%2Fwp%2Fv2%2Fcomments&post=119"}],"version-history":[{"count":7,"href":"https:\/\/kominiarz.olsztyn.pl\/index.php?rest_route=\/wp\/v2\/pages\/119\/revisions"}],"predecessor-version":[{"id":2325,"href":"https:\/\/kominiarz.olsztyn.pl\/index.php?rest_route=\/wp\/v2\/pages\/119\/revisions\/2325"}],"up":[{"embeddable":true,"href":"https:\/\/kominiarz.olsztyn.pl\/index.php?rest_route=\/wp\/v2\/pages\/32"}],"wp:attachment":[{"href":"https:\/\/kominiarz.olsztyn.pl\/index.php?rest_route=%2Fwp%2Fv2%2Fmedia&parent=119"}],"curies":[{"name":"wp","href":"https:\/\/api.w.org\/{rel}","templated":true}]}}