{"id":111,"date":"2017-09-21T20:06:21","date_gmt":"2017-09-21T20:06:21","guid":{"rendered":"http:\/\/test1.kominiarz.olsztyn.pl\/?page_id=111"},"modified":"2025-10-29T20:36:08","modified_gmt":"2025-10-29T20:36:08","slug":"augustow","status":"publish","type":"page","link":"https:\/\/kominiarz.olsztyn.pl\/?page_id=111","title":{"rendered":"AUGUST\u00d3W"},"content":{"rendered":"<span itemprop=\"description\"><h4>Uprzejmie informujemy ,\u017ce prace kominiarskie w mie\u015bcie August\u00f3w\u00a0 oraz w okolicach przyj\u0105\u0142 Zak\u0142ad Kominiarski w Suwa\u0142kach . Podajemy numer telefonu : 608301343<\/h4>\n<h2>Zak\u0142ad kominiarski w Augustowie \u2013 Sp\u00f3\u0142dzielnia &#8222;KOMINIARZ&#8221;<\/h2>\n<table border=\"0\" width=\"100%\" cellspacing=\"3\" cellpadding=\"3\">\n<tbody>\n<tr>\n<td rowspan=\"2\"><iframe loading=\"lazy\" src=\"https:\/\/maps.google.pl\/maps?f=q&amp;source=s_q&amp;hl=pl&amp;geocode=&amp;q=Suwa%C5%82ki+ul.+Andersa+7&amp;aq=&amp;sll=53.776011,20.465699&amp;sspn=0.169408,0.445976&amp;ie=UTF8&amp;hq=&amp;hnear=Genera%C5%82a+W%C5%82adys%C5%82awa+Andersa+7,+Suwa%C5%82ki,+podlaskie&amp;t=m&amp;ll=54.130612,22.942028&amp;spn=0.017602,0.05579&amp;z=14&amp;iwloc=A&amp;output=embed\" width=\"650\" height=\"350\" frameborder=\"0\" marginwidth=\"0\" marginheight=\"0\" scrolling=\"no\"><\/iframe>&lt;<\/td>\n<\/tr>\n<\/tbody>\n<\/table>\n<p>Zak\u0142ad Nr 1\/S16-400 Suwa\u0142ki<br \/>ul. Andersa 7 Tel. 87 567 12 04<\/p>\n<p>kominiarz.suwalki@kominiarz.olsztyn.pl<\/p>\n<table border=\"0\" width=\"100%\" cellspacing=\"3\" cellpadding=\"3\">\n<tbody>\n<tr>\n<td>Norbert Lauryn<\/td>\n<td>mistrz kominiarski &#8211; Upr. Nr 13624\/10<\/td>\n<td>tel. 608301343<\/td>\n<td>Kierownik zak\u0142adu<\/td>\n<\/tr>\n<\/tbody>\n<tbody>\n<tr>\n<td>Aneta\u00a0 \u00a0 Lauryn<\/td>\n<td>pracownik kominiarski<\/td>\n<td>\u00a0<\/td>\n<td>\u00a0<\/td>\n<\/tr>\n<\/tbody>\n<\/table>\n\n\n<p><\/p>\n<span>","protected":false},"excerpt":{"rendered":"<p class=\"excerpt\"><span itemprop=\"description\">Uprzejmie informujemy ,\u017ce prace kominiarskie w mie\u015bcie August\u00f3w\u00a0 oraz w okolicach przyj\u0105\u0142 Zak\u0142ad Kominiarski w Suwa\u0142kach . Podajemy numer telefonu : 608301343 Zak\u0142ad kominiarski w Augustowie \u2013 Sp\u00f3\u0142dzielnia &#8222;KOMINIARZ&#8221; &lt; Zak\u0142ad Nr 1\/S16-400 Suwa\u0142kiul. Andersa 7 Tel. 87 567 12 04 kominiarz.suwalki@kominiarz.olsztyn.pl Norbert Lauryn mistrz&hellip;<\/span><\/p>\n<p class=\"more-link-p btn-align-left\"><a class=\"blue zoom-btn\" href=\"https:\/\/kominiarz.olsztyn.pl\/?page_id=111\">Wi\u0119cej<\/a><\/p>\n","protected":false},"author":1,"featured_media":0,"parent":32,"menu_order":1,"comment_status":"closed","ping_status":"closed","template":"","meta":[],"_links":{"self":[{"href":"https:\/\/kominiarz.olsztyn.pl\/index.php?rest_route=\/wp\/v2\/pages\/111"}],"collection":[{"href":"https:\/\/kominiarz.olsztyn.pl\/index.php?rest_route=\/wp\/v2\/pages"}],"about":[{"href":"https:\/\/kominiarz.olsztyn.pl\/index.php?rest_route=\/wp\/v2\/types\/page"}],"author":[{"embeddable":true,"href":"https:\/\/kominiarz.olsztyn.pl\/index.php?rest_route=\/wp\/v2\/users\/1"}],"replies":[{"embeddable":true,"href":"https:\/\/kominiarz.olsztyn.pl\/index.php?rest_route=%2Fwp%2Fv2%2Fcomments&post=111"}],"version-history":[{"count":8,"href":"https:\/\/kominiarz.olsztyn.pl\/index.php?rest_route=\/wp\/v2\/pages\/111\/revisions"}],"predecessor-version":[{"id":2573,"href":"https:\/\/kominiarz.olsztyn.pl\/index.php?rest_route=\/wp\/v2\/pages\/111\/revisions\/2573"}],"up":[{"embeddable":true,"href":"https:\/\/kominiarz.olsztyn.pl\/index.php?rest_route=\/wp\/v2\/pages\/32"}],"wp:attachment":[{"href":"https:\/\/kominiarz.olsztyn.pl\/index.php?rest_route=%2Fwp%2Fv2%2Fmedia&parent=111"}],"curies":[{"name":"wp","href":"https:\/\/api.w.org\/{rel}","templated":true}]}}